{"id":294,"date":"2020-12-17T11:57:35","date_gmt":"2020-12-17T11:57:35","guid":{"rendered":"https:\/\/hedartstudio.com\/?page_id=294"},"modified":"2020-12-19T15:22:24","modified_gmt":"2020-12-19T15:22:24","slug":"about","status":"publish","type":"page","link":"https:\/\/hedartstudio.com\/index.php\/about\/","title":{"rendered":"ABOUT"},"content":{"rendered":"\n<p><br><strong>BIOGRAPHY :<\/strong><\/p>\n\n\n\n<p>Halil Ege Do\u011framac\u0131 ( Eski\u015fehir, Turkey, 1996) is an artist-designer based in \u0130stanbul. He uses different materials to make sculptures, paintings, and installations. He also focuses on new media art and digital modeling. He aims to mix classical shapes with contemporary techniques. His works focus mainly on figurative aesthetics.<\/p>\n\n\n\n<p>Alongside his figurative sculptures, he works  on installations that encourage the spectator to feel a collective environment. His works are located in personal collections and public spaces. Halil&#8217;s working space is in \u0130stanbul, Maslak.<\/p>\n\n\n\n<p><strong>B\u0130YOGRAF\u0130 :<\/strong><\/p>\n\n\n\n<p>Halil Ege Do\u011framac\u0131 ( Eski\u015fehir, Turkey, 1996) \u0130stanbul&#8217;da ya\u015fan bir sanat\u00e7\u0131-tasar\u0131mc\u0131d\u0131r. Heykel, resim ve enstelasyonlar\u0131nda  farkl\u0131 malzemeler kullan\u0131yor.Ayr\u0131ca yeni medya sanat\u0131 ve dijital modellemeye \u00fczerine \u00e7al\u0131\u015fmalar \u00fcretmekte. \u00c7al\u0131\u015fmalar\u0131nda klasik \u015fekilleri \u00e7a\u011fda\u015f tekniklerle kar\u0131\u015ft\u0131rmay\u0131 hedefliyor ve esas olarak da fig\u00fcratif esteti\u011fe odaklan\u0131yor.<\/p>\n\n\n\n<p>Fig\u00fcratif heykellerinin yan\u0131 s\u0131ra izleyiciye deneyim sunan yerle\u015ftirmeler \u00fczerinde \u00e7al\u0131\u015f\u0131yor. Genel olarak eserlerini ki\u015fisel koleksiyonlara ve kamusal alanlara yerle\u015ftiren sanat\u00e7\u0131 bu eserlerini \u0130stanbul&#8217;da olan at\u00f6lyesinde \u00fcretiyor.<\/p>\n\n\n\n<p><strong>EDUCATION :<\/strong><em style=\"font-weight: bold;\">&nbsp;<\/em> <\/p>\n\n\n\n<p>Bo\u011fazi\u00e7i University ,<a rel=\"noreferrer noopener\" href=\"http:\/\/www.fas.boun.edu.tr\/en\" target=\"_blank\"> Faculty of Arts and Sciences<\/a> , Sociology <\/p>\n\n\n\n<p><strong>WORKSHOP :<\/strong><\/p>\n\n\n\n<p>Bo\u011fazi\u00e7i University Alumni Association &#8211; Bo\u011fazi\u00e7i \u00dcniversitesi Mezunlar Derne\u011fi (B\u00dcMED)<\/p>\n\n\n\n<p>Nebula Atelier &#8211; Nebula At\u00f6lye<\/p>\n\n\n\n<p>Atelier Ven\u00fcs &#8211; At\u00f6lye Ven\u00fcs<\/p>\n\n\n\n<div class=\"wp-block-getwid-images-slider has-arrows-inside has-dots-inside has-images-center has-cropped-images\"><div class=\"wp-block-getwid-images-slider__wrapper\" data-effect=\"slide\" data-slides-show=\"1\" data-slides-show-laptop=\"1\" data-slides-show-tablet=\"1\" data-slides-show-mobile=\"1\" data-slides-scroll=\"1\" data-autoplay=\"false\" data-autoplay-speed=\"6000\" data-infinite=\"true\" data-animation-speed=\"800\" data-center-mode=\"false\" data-variable-width=\"false\" data-arrows=\"inside\" data-dots=\"inside\" data-spacing=\"none\"><div class=\"wp-block-getwid-images-slider__item\"><img loading=\"lazy\" decoding=\"async\" width=\"1080\" height=\"1080\" src=\"https:\/\/hedartstudio.com\/wp-content\/uploads\/2020\/12\/orion-portrait.png\" alt=\"\" data-id=\"66\" data-link=\"https:\/\/hedartstudio.com\/index.php\/orion\/orion-portrait\/\" data-original-link=\"https:\/\/hedartstudio.com\/wp-content\/uploads\/2020\/12\/orion-portrait.png\" class=\"wp-block-getwid-images-slider__image wp-image-66\" srcset=\"https:\/\/hedartstudio.com\/wp-content\/uploads\/2020\/12\/orion-portrait.png 1080w, https:\/\/hedartstudio.com\/wp-content\/uploads\/2020\/12\/orion-portrait-300x300.png 300w, https:\/\/hedartstudio.com\/wp-content\/uploads\/2020\/12\/orion-portrait-1024x1024.png 1024w, https:\/\/hedartstudio.com\/wp-content\/uploads\/2020\/12\/orion-portrait-150x150.png 150w, https:\/\/hedartstudio.com\/wp-content\/uploads\/2020\/12\/orion-portrait-768x768.png 768w, https:\/\/hedartstudio.com\/wp-content\/uploads\/2020\/12\/orion-portrait-533x533.png 533w, https:\/\/hedartstudio.com\/wp-content\/uploads\/2020\/12\/orion-portrait-640x640.png 640w, https:\/\/hedartstudio.com\/wp-content\/uploads\/2020\/12\/orion-portrait-864x864.png 864w\" sizes=\"(max-width: 1080px) 100vw, 1080px\" \/><\/div><div class=\"wp-block-getwid-images-slider__item\"><img loading=\"lazy\" decoding=\"async\" width=\"2039\" height=\"2036\" src=\"https:\/\/hedartstudio.com\/wp-content\/uploads\/2020\/12\/9E420590-421B-4889-8911-F592D22112C7-1.jpg\" alt=\"\" data-id=\"107\" data-link=\"https:\/\/hedartstudio.com\/index.php\/che\/9e420590-421b-4889-8911-f592d22112c7-1\/\" data-original-link=\"https:\/\/hedartstudio.com\/wp-content\/uploads\/2020\/12\/9E420590-421B-4889-8911-F592D22112C7-1.jpg\" class=\"wp-block-getwid-images-slider__image wp-image-107\" srcset=\"https:\/\/hedartstudio.com\/wp-content\/uploads\/2020\/12\/9E420590-421B-4889-8911-F592D22112C7-1.jpg 2039w, https:\/\/hedartstudio.com\/wp-content\/uploads\/2020\/12\/9E420590-421B-4889-8911-F592D22112C7-1-300x300.jpg 300w, https:\/\/hedartstudio.com\/wp-content\/uploads\/2020\/12\/9E420590-421B-4889-8911-F592D22112C7-1-1024x1022.jpg 1024w, https:\/\/hedartstudio.com\/wp-content\/uploads\/2020\/12\/9E420590-421B-4889-8911-F592D22112C7-1-150x150.jpg 150w, https:\/\/hedartstudio.com\/wp-content\/uploads\/2020\/12\/9E420590-421B-4889-8911-F592D22112C7-1-768x767.jpg 768w, https:\/\/hedartstudio.com\/wp-content\/uploads\/2020\/12\/9E420590-421B-4889-8911-F592D22112C7-1-1536x1534.jpg 1536w, https:\/\/hedartstudio.com\/wp-content\/uploads\/2020\/12\/9E420590-421B-4889-8911-F592D22112C7-1-533x533.jpg 533w, https:\/\/hedartstudio.com\/wp-content\/uploads\/2020\/12\/9E420590-421B-4889-8911-F592D22112C7-1-640x640.jpg 640w, https:\/\/hedartstudio.com\/wp-content\/uploads\/2020\/12\/9E420590-421B-4889-8911-F592D22112C7-1-864x864.jpg 864w\" sizes=\"(max-width: 2039px) 100vw, 2039px\" \/><\/div><\/div><\/div>\n\n\n\n<p><\/p>\n","protected":false},"excerpt":{"rendered":"<p>BIOGRAPHY : Halil Ege Do\u011framac\u0131 ( Eski\u015fehir, Turkey, 1996) is an artist-designer based in \u0130stanbul. He uses different materials to make sculptures, paintings, and installations. He also focuses on new media art and digital modeling. He aims to mix classical shapes with contemporary techniques. His &hellip; <a href=\"https:\/\/hedartstudio.com\/index.php\/about\/\" class=\"more-link\"><span>Continue reading<span class=\"screen-reader-text\">ABOUT<\/span><\/span><\/a><\/p>\n","protected":false},"author":1,"featured_media":0,"parent":0,"menu_order":0,"comment_status":"closed","ping_status":"closed","template":"","meta":{"footnotes":""},"_links":{"self":[{"href":"https:\/\/hedartstudio.com\/index.php\/wp-json\/wp\/v2\/pages\/294"}],"collection":[{"href":"https:\/\/hedartstudio.com\/index.php\/wp-json\/wp\/v2\/pages"}],"about":[{"href":"https:\/\/hedartstudio.com\/index.php\/wp-json\/wp\/v2\/types\/page"}],"author":[{"embeddable":true,"href":"https:\/\/hedartstudio.com\/index.php\/wp-json\/wp\/v2\/users\/1"}],"replies":[{"embeddable":true,"href":"https:\/\/hedartstudio.com\/index.php\/wp-json\/wp\/v2\/comments?post=294"}],"version-history":[{"count":5,"href":"https:\/\/hedartstudio.com\/index.php\/wp-json\/wp\/v2\/pages\/294\/revisions"}],"predecessor-version":[{"id":440,"href":"https:\/\/hedartstudio.com\/index.php\/wp-json\/wp\/v2\/pages\/294\/revisions\/440"}],"wp:attachment":[{"href":"https:\/\/hedartstudio.com\/index.php\/wp-json\/wp\/v2\/media?parent=294"}],"curies":[{"name":"wp","href":"https:\/\/api.w.org\/{rel}","templated":true}]}}